{"id":21,"date":"2024-02-20T15:58:32","date_gmt":"2024-02-20T15:58:32","guid":{"rendered":"http:\/\/localhost\/erspol\/?page_id=21"},"modified":"2024-02-28T12:57:32","modified_gmt":"2024-02-28T12:57:32","slug":"blog","status":"publish","type":"page","link":"https:\/\/ers-pol.pl\/sk\/blog\/","title":{"rendered":"Spolupr\u00e1ca"},"content":{"rendered":"\n<p>Sme otvoren\u00ed k spolupr\u00e1ci s klientami a obchodn\u00fdmi partnermi, ktor\u00fdch zauj\u00edma kvalita, odolnos\u0165 a estetick\u00e1 hodnota na\u0161ich produktov.<\/p>\n\n\n\n<p>Poz\u00fdvame v\u00e1s, aby ste n\u00e1s kontaktovali a spolo\u010dne sme si prezreli cel\u00fa ponuku ERS-POL. M\u00e1me mo\u017enos\u0165 spolo\u010dne vytv\u00e1ra\u0165 priestory, ktor\u00e9 bud\u00fa in\u0161pirova\u0165 e\u0161te mnoho rokov.<\/p>\n\n\n\n<p><\/p>\n","protected":false},"excerpt":{"rendered":"<p>Sme otvoren\u00ed k spolupr\u00e1ci s klientami a obchodn\u00fdmi partnermi, ktor\u00fdch zauj\u00edma kvalita, odolnos\u0165 a estetick\u00e1 hodnota na\u0161ich produktov. Poz\u00fdvame v\u00e1s, aby ste n\u00e1s kontaktovali a spolo\u010dne sme si prezreli cel\u00fa ponuku ERS-POL. M\u00e1me mo\u017enos\u0165 spolo\u010dne vytv\u00e1ra\u0165 priestory, ktor\u00e9 bud\u00fa in\u0161pirova\u0165 e\u0161te mnoho rokov.<\/p>\n","protected":false},"author":1,"featured_media":17,"parent":0,"menu_order":0,"comment_status":"closed","ping_status":"closed","template":"","meta":{"footnotes":""},"_links":{"self":[{"href":"https:\/\/ers-pol.pl\/sk\/wp-json\/wp\/v2\/pages\/21"}],"collection":[{"href":"https:\/\/ers-pol.pl\/sk\/wp-json\/wp\/v2\/pages"}],"about":[{"href":"https:\/\/ers-pol.pl\/sk\/wp-json\/wp\/v2\/types\/page"}],"author":[{"embeddable":true,"href":"https:\/\/ers-pol.pl\/sk\/wp-json\/wp\/v2\/users\/1"}],"replies":[{"embeddable":true,"href":"https:\/\/ers-pol.pl\/sk\/wp-json\/wp\/v2\/comments?post=21"}],"version-history":[{"count":5,"href":"https:\/\/ers-pol.pl\/sk\/wp-json\/wp\/v2\/pages\/21\/revisions"}],"predecessor-version":[{"id":67,"href":"https:\/\/ers-pol.pl\/sk\/wp-json\/wp\/v2\/pages\/21\/revisions\/67"}],"wp:featuredmedia":[{"embeddable":true,"href":"https:\/\/ers-pol.pl\/sk\/wp-json\/wp\/v2\/media\/17"}],"wp:attachment":[{"href":"https:\/\/ers-pol.pl\/sk\/wp-json\/wp\/v2\/media?parent=21"}],"curies":[{"name":"wp","href":"https:\/\/api.w.org\/{rel}","templated":true}]}}