{"id":19,"date":"2024-02-20T15:58:32","date_gmt":"2024-02-20T15:58:32","guid":{"rendered":"http:\/\/localhost\/erspol\/?page_id=19"},"modified":"2024-02-27T21:46:33","modified_gmt":"2024-02-27T21:46:33","slug":"about","status":"publish","type":"page","link":"https:\/\/ers-pol.pl\/sk\/about\/","title":{"rendered":"Produkty"},"content":{"rendered":"\n<p>Na\u0161\u00edm cie\u013eom je poskytova\u0165 produkty, ktor\u00e9 sa nielen kr\u00e1sne prezentuj\u00fa, ale s\u00fa tie\u017e trv\u00e1cne a pon\u00fakan\u00e9 za konkuren\u010dn\u00e9 ceny.<\/p>\n\n\n\n<p>\u0160pecializujeme sa na v\u00fdrobu lepen\u00fdch dubov\u00fdch dosiek, ide\u00e1lnych na pou\u017eitie v kuchyniach, k\u00fape\u013eniach, pri tvorbe schodov ako aj in\u00fdch fin\u00e1lnych prvkov a n\u00e1bytku.<\/p>\n\n\n\n<p>Okrem toho, v z\u00e1vislosti od objedn\u00e1vky, vyr\u00e1bame tie\u017e dosky z in\u00fdch druhov dreva.<\/p>\n","protected":false},"excerpt":{"rendered":"<p>Na\u0161\u00edm cie\u013eom je poskytova\u0165 produkty, ktor\u00e9 sa nielen kr\u00e1sne prezentuj\u00fa, ale s\u00fa tie\u017e trv\u00e1cne a pon\u00fakan\u00e9 za konkuren\u010dn\u00e9 ceny. \u0160pecializujeme sa na v\u00fdrobu lepen\u00fdch dubov\u00fdch dosiek, ide\u00e1lnych na pou\u017eitie v kuchyniach, k\u00fape\u013eniach, pri tvorbe schodov ako aj in\u00fdch fin\u00e1lnych prvkov a n\u00e1bytku. Okrem toho, v z\u00e1vislosti od objedn\u00e1vky, vyr\u00e1bame tie\u017e dosky z in\u00fdch druhov dreva.<\/p>\n","protected":false},"author":1,"featured_media":16,"parent":0,"menu_order":0,"comment_status":"closed","ping_status":"closed","template":"","meta":{"footnotes":""},"_links":{"self":[{"href":"https:\/\/ers-pol.pl\/sk\/wp-json\/wp\/v2\/pages\/19"}],"collection":[{"href":"https:\/\/ers-pol.pl\/sk\/wp-json\/wp\/v2\/pages"}],"about":[{"href":"https:\/\/ers-pol.pl\/sk\/wp-json\/wp\/v2\/types\/page"}],"author":[{"embeddable":true,"href":"https:\/\/ers-pol.pl\/sk\/wp-json\/wp\/v2\/users\/1"}],"replies":[{"embeddable":true,"href":"https:\/\/ers-pol.pl\/sk\/wp-json\/wp\/v2\/comments?post=19"}],"version-history":[{"count":1,"href":"https:\/\/ers-pol.pl\/sk\/wp-json\/wp\/v2\/pages\/19\/revisions"}],"predecessor-version":[{"id":56,"href":"https:\/\/ers-pol.pl\/sk\/wp-json\/wp\/v2\/pages\/19\/revisions\/56"}],"wp:featuredmedia":[{"embeddable":true,"href":"https:\/\/ers-pol.pl\/sk\/wp-json\/wp\/v2\/media\/16"}],"wp:attachment":[{"href":"https:\/\/ers-pol.pl\/sk\/wp-json\/wp\/v2\/media?parent=19"}],"curies":[{"name":"wp","href":"https:\/\/api.w.org\/{rel}","templated":true}]}}