{"id":18,"date":"2024-02-20T15:58:32","date_gmt":"2024-02-20T15:58:32","guid":{"rendered":"http:\/\/localhost\/erspol\/?page_id=18"},"modified":"2024-02-28T12:57:01","modified_gmt":"2024-02-28T12:57:01","slug":"home","status":"publish","type":"page","link":"https:\/\/ers-pol.pl\/sk\/","title":{"rendered":"ERS-POL"},"content":{"rendered":"\n<p>Vitajte na str\u00e1nkach spolo\u010dnosti ERS-POL \u2013 v\u00e1\u0161ho spo\u013eahliv\u00e9ho v\u00fdrobcu vysokokvalitn\u00fdch lepen\u00fdch dubov\u00fdch dosiek.<\/p>\n\n\n\n<p>S hrdos\u0165ou predstavujeme produkty, ktor\u00e9 si viac ako dek\u00e1du z\u00edskavaj\u00fa uznanie na po\u013eskom a eur\u00f3pskom trhu, st\u00e1vaj\u00fac sa synonymom kvality a trv\u00e1cnosti.<\/p>\n","protected":false},"excerpt":{"rendered":"<p>Vitajte na str\u00e1nkach spolo\u010dnosti ERS-POL \u2013 v\u00e1\u0161ho spo\u013eahliv\u00e9ho v\u00fdrobcu vysokokvalitn\u00fdch lepen\u00fdch dubov\u00fdch dosiek. S hrdos\u0165ou predstavujeme produkty, ktor\u00e9 si viac ako dek\u00e1du z\u00edskavaj\u00fa uznanie na po\u013eskom a eur\u00f3pskom trhu, st\u00e1vaj\u00fac sa synonymom kvality a trv\u00e1cnosti.<\/p>\n","protected":false},"author":1,"featured_media":0,"parent":0,"menu_order":0,"comment_status":"closed","ping_status":"closed","template":"","meta":{"footnotes":""},"_links":{"self":[{"href":"https:\/\/ers-pol.pl\/sk\/wp-json\/wp\/v2\/pages\/18"}],"collection":[{"href":"https:\/\/ers-pol.pl\/sk\/wp-json\/wp\/v2\/pages"}],"about":[{"href":"https:\/\/ers-pol.pl\/sk\/wp-json\/wp\/v2\/types\/page"}],"author":[{"embeddable":true,"href":"https:\/\/ers-pol.pl\/sk\/wp-json\/wp\/v2\/users\/1"}],"replies":[{"embeddable":true,"href":"https:\/\/ers-pol.pl\/sk\/wp-json\/wp\/v2\/comments?post=18"}],"version-history":[{"count":3,"href":"https:\/\/ers-pol.pl\/sk\/wp-json\/wp\/v2\/pages\/18\/revisions"}],"predecessor-version":[{"id":65,"href":"https:\/\/ers-pol.pl\/sk\/wp-json\/wp\/v2\/pages\/18\/revisions\/65"}],"wp:attachment":[{"href":"https:\/\/ers-pol.pl\/sk\/wp-json\/wp\/v2\/media?parent=18"}],"curies":[{"name":"wp","href":"https:\/\/api.w.org\/{rel}","templated":true}]}}