{"id":18,"date":"2024-02-28T00:53:19","date_gmt":"2024-02-28T00:53:19","guid":{"rendered":"https:\/\/ers-pol.pl\/en\/?page_id=18"},"modified":"2024-02-28T01:02:21","modified_gmt":"2024-02-28T01:02:21","slug":"contact","status":"publish","type":"page","link":"https:\/\/ers-pol.pl\/en\/contact\/","title":{"rendered":"CONTACT"},"content":{"rendered":"\n<p>ERS-POL<br>S\u0142awacinek Stary 181A<br>21-500 Bia\u0142a Podlaska, Polska<\/p>\n\n\n\n<p><strong>production site<\/strong>: Stasi\u00f3wka 172, 21-532 Stasi\u00f3wka, Poland<br><br>e-mail:\u00a0<a href=\"mailto:sales@ers-pol.pl\">sales@ers-pol.pl<\/a><br>tel. +48 608 338 773<\/p>\n","protected":false},"excerpt":{"rendered":"<p>ERS-POLS\u0142awacinek Stary 181A21-500 Bia\u0142a Podlaska, Polska production site: Stasi\u00f3wka 172, 21-532 Stasi\u00f3wka, Poland e-mail:\u00a0sales@ers-pol.pltel. +48 608 338 773<\/p>\n","protected":false},"author":1,"featured_media":26,"parent":0,"menu_order":0,"comment_status":"closed","ping_status":"closed","template":"","meta":{"footnotes":""},"_links":{"self":[{"href":"https:\/\/ers-pol.pl\/en\/wp-json\/wp\/v2\/pages\/18"}],"collection":[{"href":"https:\/\/ers-pol.pl\/en\/wp-json\/wp\/v2\/pages"}],"about":[{"href":"https:\/\/ers-pol.pl\/en\/wp-json\/wp\/v2\/types\/page"}],"author":[{"embeddable":true,"href":"https:\/\/ers-pol.pl\/en\/wp-json\/wp\/v2\/users\/1"}],"replies":[{"embeddable":true,"href":"https:\/\/ers-pol.pl\/en\/wp-json\/wp\/v2\/comments?post=18"}],"version-history":[{"count":1,"href":"https:\/\/ers-pol.pl\/en\/wp-json\/wp\/v2\/pages\/18\/revisions"}],"predecessor-version":[{"id":19,"href":"https:\/\/ers-pol.pl\/en\/wp-json\/wp\/v2\/pages\/18\/revisions\/19"}],"wp:featuredmedia":[{"embeddable":true,"href":"https:\/\/ers-pol.pl\/en\/wp-json\/wp\/v2\/media\/26"}],"wp:attachment":[{"href":"https:\/\/ers-pol.pl\/en\/wp-json\/wp\/v2\/media?parent=18"}],"curies":[{"name":"wp","href":"https:\/\/api.w.org\/{rel}","templated":true}]}}