{"id":2,"date":"2024-02-20T20:29:48","date_gmt":"2024-02-20T20:29:48","guid":{"rendered":"http:\/\/localhost\/erspol\/de\/?page_id=2"},"modified":"2024-02-28T12:37:49","modified_gmt":"2024-02-28T12:37:49","slug":"sample-page","status":"publish","type":"page","link":"https:\/\/ers-pol.pl\/de\/","title":{"rendered":"ERS-pol"},"content":{"rendered":"\n<p>Willkommen auf der Website von ERS-POL &#8211; Ihrem vertrauensw\u00fcrdigen Hersteller von hochwertigen verleimten Eichenplatten.<\/p>\n\n\n\n<p>Wir sind stolz darauf, Produkte zu pr\u00e4sentieren, die seit \u00fcber einem Jahrzehnt Anerkennung auf dem polnischen und internationalen Markt finden und zu einem Synonym f\u00fcr Exzellenz und Langlebigkeit geworden sind.<\/p>\n","protected":false},"excerpt":{"rendered":"<p>Willkommen auf der Website von ERS-POL &#8211; Ihrem vertrauensw\u00fcrdigen Hersteller von hochwertigen verleimten Eichenplatten. Wir sind stolz darauf, Produkte zu pr\u00e4sentieren, die seit \u00fcber einem Jahrzehnt Anerkennung auf dem polnischen und internationalen Markt finden und zu einem Synonym f\u00fcr Exzellenz und Langlebigkeit geworden sind.<\/p>\n","protected":false},"author":1,"featured_media":0,"parent":0,"menu_order":0,"comment_status":"closed","ping_status":"open","template":"","meta":{"footnotes":""},"_links":{"self":[{"href":"https:\/\/ers-pol.pl\/de\/wp-json\/wp\/v2\/pages\/2"}],"collection":[{"href":"https:\/\/ers-pol.pl\/de\/wp-json\/wp\/v2\/pages"}],"about":[{"href":"https:\/\/ers-pol.pl\/de\/wp-json\/wp\/v2\/types\/page"}],"author":[{"embeddable":true,"href":"https:\/\/ers-pol.pl\/de\/wp-json\/wp\/v2\/users\/1"}],"replies":[{"embeddable":true,"href":"https:\/\/ers-pol.pl\/de\/wp-json\/wp\/v2\/comments?post=2"}],"version-history":[{"count":2,"href":"https:\/\/ers-pol.pl\/de\/wp-json\/wp\/v2\/pages\/2\/revisions"}],"predecessor-version":[{"id":26,"href":"https:\/\/ers-pol.pl\/de\/wp-json\/wp\/v2\/pages\/2\/revisions\/26"}],"wp:attachment":[{"href":"https:\/\/ers-pol.pl\/de\/wp-json\/wp\/v2\/media?parent=2"}],"curies":[{"name":"wp","href":"https:\/\/api.w.org\/{rel}","templated":true}]}}