{"id":17,"date":"2024-02-28T12:17:17","date_gmt":"2024-02-28T12:17:17","guid":{"rendered":"https:\/\/ers-pol.pl\/de\/?page_id=17"},"modified":"2024-02-28T13:11:54","modified_gmt":"2024-02-28T13:11:54","slug":"kontakt","status":"publish","type":"page","link":"https:\/\/ers-pol.pl\/de\/kontakt\/","title":{"rendered":"Kontakt"},"content":{"rendered":"\n<p>ERS-POL<br>S\u0142awacinek Stary 181A<br>21-500 Bia\u0142a Podlaska, Polen<\/p>\n\n\n\n<p><strong>Produktion<\/strong>: Stasi\u00f3wka 172, 21-532 Stasi\u00f3wka, Polen<br><br>e-mail: <a href=\"mailto:sales@ers-pol.pl\">sales@ers-pol.pl<\/a><br>tel. +48 608 338 773<\/p>\n","protected":false},"excerpt":{"rendered":"<p>ERS-POLS\u0142awacinek Stary 181A21-500 Bia\u0142a Podlaska, Polen Produktion: Stasi\u00f3wka 172, 21-532 Stasi\u00f3wka, Polen e-mail: sales@ers-pol.pltel. +48 608 338 773<\/p>\n","protected":false},"author":1,"featured_media":7,"parent":0,"menu_order":0,"comment_status":"closed","ping_status":"closed","template":"","meta":{"footnotes":""},"_links":{"self":[{"href":"https:\/\/ers-pol.pl\/de\/wp-json\/wp\/v2\/pages\/17"}],"collection":[{"href":"https:\/\/ers-pol.pl\/de\/wp-json\/wp\/v2\/pages"}],"about":[{"href":"https:\/\/ers-pol.pl\/de\/wp-json\/wp\/v2\/types\/page"}],"author":[{"embeddable":true,"href":"https:\/\/ers-pol.pl\/de\/wp-json\/wp\/v2\/users\/1"}],"replies":[{"embeddable":true,"href":"https:\/\/ers-pol.pl\/de\/wp-json\/wp\/v2\/comments?post=17"}],"version-history":[{"count":3,"href":"https:\/\/ers-pol.pl\/de\/wp-json\/wp\/v2\/pages\/17\/revisions"}],"predecessor-version":[{"id":37,"href":"https:\/\/ers-pol.pl\/de\/wp-json\/wp\/v2\/pages\/17\/revisions\/37"}],"wp:featuredmedia":[{"embeddable":true,"href":"https:\/\/ers-pol.pl\/de\/wp-json\/wp\/v2\/media\/7"}],"wp:attachment":[{"href":"https:\/\/ers-pol.pl\/de\/wp-json\/wp\/v2\/media?parent=17"}],"curies":[{"name":"wp","href":"https:\/\/api.w.org\/{rel}","templated":true}]}}