{"id":13,"date":"2024-02-28T12:16:21","date_gmt":"2024-02-28T12:16:21","guid":{"rendered":"https:\/\/ers-pol.pl\/de\/?page_id=13"},"modified":"2024-02-28T12:58:25","modified_gmt":"2024-02-28T12:58:25","slug":"produkty","status":"publish","type":"page","link":"https:\/\/ers-pol.pl\/de\/produkty\/","title":{"rendered":"Produkte"},"content":{"rendered":"\n<p>Unser Ziel ist es, Produkte anzubieten, die nicht nur sch\u00f6n aussehen, sondern auch langlebig sind und zu wettbewerbsf\u00e4higen Preisen angeboten werden.<\/p>\n\n\n\n<p>Wir spezialisieren uns auf die Herstellung von verleimten Eichenplatten, ideal f\u00fcr den Einsatz in K\u00fcchen, B\u00e4dern, bei der Schaffung von Treppen sowie anderen Endelementen und M\u00f6beln.<\/p>\n\n\n\n<p>Dar\u00fcber hinaus produzieren wir je nach Bestellung auch Platten aus anderen Holzarten.<\/p>\n","protected":false},"excerpt":{"rendered":"<p>Unser Ziel ist es, Produkte anzubieten, die nicht nur sch\u00f6n aussehen, sondern auch langlebig sind und zu wettbewerbsf\u00e4higen Preisen angeboten werden. Wir spezialisieren uns auf die Herstellung von verleimten Eichenplatten, ideal f\u00fcr den Einsatz in K\u00fcchen, B\u00e4dern, bei der Schaffung von Treppen sowie anderen Endelementen und M\u00f6beln. Dar\u00fcber hinaus produzieren wir je nach Bestellung auch &hellip; <\/p>\n<p class=\"link-more\"><a href=\"https:\/\/ers-pol.pl\/de\/produkty\/\" class=\"more-link\"><span class=\"screen-reader-text\">\u201eProdukte\u201c<\/span> weiterlesen<\/a><\/p>\n","protected":false},"author":1,"featured_media":8,"parent":0,"menu_order":0,"comment_status":"closed","ping_status":"closed","template":"","meta":{"footnotes":""},"_links":{"self":[{"href":"https:\/\/ers-pol.pl\/de\/wp-json\/wp\/v2\/pages\/13"}],"collection":[{"href":"https:\/\/ers-pol.pl\/de\/wp-json\/wp\/v2\/pages"}],"about":[{"href":"https:\/\/ers-pol.pl\/de\/wp-json\/wp\/v2\/types\/page"}],"author":[{"embeddable":true,"href":"https:\/\/ers-pol.pl\/de\/wp-json\/wp\/v2\/users\/1"}],"replies":[{"embeddable":true,"href":"https:\/\/ers-pol.pl\/de\/wp-json\/wp\/v2\/comments?post=13"}],"version-history":[{"count":3,"href":"https:\/\/ers-pol.pl\/de\/wp-json\/wp\/v2\/pages\/13\/revisions"}],"predecessor-version":[{"id":34,"href":"https:\/\/ers-pol.pl\/de\/wp-json\/wp\/v2\/pages\/13\/revisions\/34"}],"wp:featuredmedia":[{"embeddable":true,"href":"https:\/\/ers-pol.pl\/de\/wp-json\/wp\/v2\/media\/8"}],"wp:attachment":[{"href":"https:\/\/ers-pol.pl\/de\/wp-json\/wp\/v2\/media?parent=13"}],"curies":[{"name":"wp","href":"https:\/\/api.w.org\/{rel}","templated":true}]}}