{"id":2,"date":"2024-02-27T23:59:26","date_gmt":"2024-02-27T23:59:26","guid":{"rendered":"https:\/\/ers-pol.pl\/cz\/?page_id=2"},"modified":"2024-02-28T00:39:00","modified_gmt":"2024-02-28T00:39:00","slug":"sample-page","status":"publish","type":"page","link":"https:\/\/ers-pol.pl\/cz\/","title":{"rendered":"Ers-pol"},"content":{"rendered":"\n<p>V\u00edtejte na str\u00e1nk\u00e1ch spole\u010dnosti ERS-POL &#8211; va\u0161eho spolehliv\u00e9ho v\u00fdrobce vysokokvalitn\u00edch lepen\u00fdch dubov\u00fdch desek.<\/p>\n\n\n\n<p>S hrdost\u00ed p\u0159edstavujeme produkty, kter\u00e9 si v\u00edce ne\u017e desetilet\u00ed z\u00edsk\u00e1vaj\u00ed uzn\u00e1n\u00ed na polsk\u00e9m a evropsk\u00e9m trhu, st\u00e1vaj\u00edce se synonymem kvality a trvanlivosti.<\/p>\n","protected":false},"excerpt":{"rendered":"<p>V\u00edtejte na str\u00e1nk\u00e1ch spole\u010dnosti ERS-POL &#8211; va\u0161eho spolehliv\u00e9ho v\u00fdrobce vysokokvalitn\u00edch lepen\u00fdch dubov\u00fdch desek. S hrdost\u00ed p\u0159edstavujeme produkty, kter\u00e9 si v\u00edce ne\u017e desetilet\u00ed z\u00edsk\u00e1vaj\u00ed uzn\u00e1n\u00ed na polsk\u00e9m a evropsk\u00e9m trhu, st\u00e1vaj\u00edce se synonymem kvality a trvanlivosti.<\/p>\n","protected":false},"author":1,"featured_media":0,"parent":0,"menu_order":0,"comment_status":"closed","ping_status":"open","template":"","meta":{"footnotes":""},"_links":{"self":[{"href":"https:\/\/ers-pol.pl\/cz\/wp-json\/wp\/v2\/pages\/2"}],"collection":[{"href":"https:\/\/ers-pol.pl\/cz\/wp-json\/wp\/v2\/pages"}],"about":[{"href":"https:\/\/ers-pol.pl\/cz\/wp-json\/wp\/v2\/types\/page"}],"author":[{"embeddable":true,"href":"https:\/\/ers-pol.pl\/cz\/wp-json\/wp\/v2\/users\/1"}],"replies":[{"embeddable":true,"href":"https:\/\/ers-pol.pl\/cz\/wp-json\/wp\/v2\/comments?post=2"}],"version-history":[{"count":3,"href":"https:\/\/ers-pol.pl\/cz\/wp-json\/wp\/v2\/pages\/2\/revisions"}],"predecessor-version":[{"id":38,"href":"https:\/\/ers-pol.pl\/cz\/wp-json\/wp\/v2\/pages\/2\/revisions\/38"}],"wp:attachment":[{"href":"https:\/\/ers-pol.pl\/cz\/wp-json\/wp\/v2\/media?parent=2"}],"curies":[{"name":"wp","href":"https:\/\/api.w.org\/{rel}","templated":true}]}}