{"id":18,"date":"2024-02-28T00:10:12","date_gmt":"2024-02-28T00:10:12","guid":{"rendered":"https:\/\/ers-pol.pl\/cz\/?page_id=18"},"modified":"2024-02-28T00:40:37","modified_gmt":"2024-02-28T00:40:37","slug":"produkty","status":"publish","type":"page","link":"https:\/\/ers-pol.pl\/cz\/produkty\/","title":{"rendered":"Produkty"},"content":{"rendered":"\n<p>Na\u0161\u00edm c\u00edlem je poskytovat produkty, kter\u00e9 se nejen kr\u00e1sn\u011b prezentuj\u00ed, ale jsou tak\u00e9 trvanliv\u00e9 a nab\u00edzen\u00e9 za konkuren\u010dn\u00ed ceny.<\/p>\n\n\n\n<p>Specializujeme se na v\u00fdrobu lepen\u00fdch dubov\u00fdch desek, ide\u00e1ln\u00edch pro pou\u017eit\u00ed v kuchyn\u00edch, koupeln\u00e1ch, p\u0159i tvorb\u011b schod\u016f a tak\u00e9 jin\u00fdch fin\u00e1ln\u00edch prvk\u016f a n\u00e1bytku.<\/p>\n\n\n\n<p>Krom\u011b toho, v z\u00e1vislosti na objedn\u00e1vce, vyr\u00e1b\u00edme tak\u00e9 desky z jin\u00fdch druh\u016f d\u0159eva.<\/p>\n","protected":false},"excerpt":{"rendered":"<p>Na\u0161\u00edm c\u00edlem je poskytovat produkty, kter\u00e9 se nejen kr\u00e1sn\u011b prezentuj\u00ed, ale jsou tak\u00e9 trvanliv\u00e9 a nab\u00edzen\u00e9 za konkuren\u010dn\u00ed ceny. Specializujeme se na v\u00fdrobu lepen\u00fdch dubov\u00fdch desek, ide\u00e1ln\u00edch pro pou\u017eit\u00ed v kuchyn\u00edch, koupeln\u00e1ch, p\u0159i tvorb\u011b schod\u016f a tak\u00e9 jin\u00fdch fin\u00e1ln\u00edch prvk\u016f a n\u00e1bytku. Krom\u011b toho, v z\u00e1vislosti na objedn\u00e1vce, vyr\u00e1b\u00edme tak\u00e9 desky z jin\u00fdch druh\u016f d\u0159eva.<\/p>\n","protected":false},"author":1,"featured_media":30,"parent":0,"menu_order":0,"comment_status":"closed","ping_status":"closed","template":"","meta":{"footnotes":""},"_links":{"self":[{"href":"https:\/\/ers-pol.pl\/cz\/wp-json\/wp\/v2\/pages\/18"}],"collection":[{"href":"https:\/\/ers-pol.pl\/cz\/wp-json\/wp\/v2\/pages"}],"about":[{"href":"https:\/\/ers-pol.pl\/cz\/wp-json\/wp\/v2\/types\/page"}],"author":[{"embeddable":true,"href":"https:\/\/ers-pol.pl\/cz\/wp-json\/wp\/v2\/users\/1"}],"replies":[{"embeddable":true,"href":"https:\/\/ers-pol.pl\/cz\/wp-json\/wp\/v2\/comments?post=18"}],"version-history":[{"count":2,"href":"https:\/\/ers-pol.pl\/cz\/wp-json\/wp\/v2\/pages\/18\/revisions"}],"predecessor-version":[{"id":40,"href":"https:\/\/ers-pol.pl\/cz\/wp-json\/wp\/v2\/pages\/18\/revisions\/40"}],"wp:featuredmedia":[{"embeddable":true,"href":"https:\/\/ers-pol.pl\/cz\/wp-json\/wp\/v2\/media\/30"}],"wp:attachment":[{"href":"https:\/\/ers-pol.pl\/cz\/wp-json\/wp\/v2\/media?parent=18"}],"curies":[{"name":"wp","href":"https:\/\/api.w.org\/{rel}","templated":true}]}}