{"id":16,"date":"2024-02-28T00:09:40","date_gmt":"2024-02-28T00:09:40","guid":{"rendered":"https:\/\/ers-pol.pl\/cz\/?page_id=16"},"modified":"2024-02-28T00:41:57","modified_gmt":"2024-02-28T00:41:57","slug":"spolupraca","status":"publish","type":"page","link":"https:\/\/ers-pol.pl\/cz\/spolupraca\/","title":{"rendered":"Spolupr\u00e1ce"},"content":{"rendered":"\n<p>Jsme otev\u0159en\u00ed spolupr\u00e1ci s klienty a obchodn\u00edmi partnery, kte\u0159\u00ed si cen\u00ed kvality, odolnosti a estetick\u00e9 hodnoty na\u0161ich produkt\u016f.<\/p>\n\n\n\n<p>Poz\u00fdv\u00e1me v\u00e1s, abyste n\u00e1s kontaktovali a spole\u010dn\u011b si prohl\u00e9dli kompletn\u00ed nab\u00eddku ERS-POL. M\u00e1me mo\u017enost spole\u010dn\u011b vytv\u00e1\u0159et prostory, kter\u00e9 budou inspirac\u00ed je\u0161t\u011b mnoho let.<\/p>\n","protected":false},"excerpt":{"rendered":"<p>Jsme otev\u0159en\u00ed spolupr\u00e1ci s klienty a obchodn\u00edmi partnery, kte\u0159\u00ed si cen\u00ed kvality, odolnosti a estetick\u00e9 hodnoty na\u0161ich produkt\u016f. Poz\u00fdv\u00e1me v\u00e1s, abyste n\u00e1s kontaktovali a spole\u010dn\u011b si prohl\u00e9dli kompletn\u00ed nab\u00eddku ERS-POL. M\u00e1me mo\u017enost spole\u010dn\u011b vytv\u00e1\u0159et prostory, kter\u00e9 budou inspirac\u00ed je\u0161t\u011b mnoho let.<\/p>\n","protected":false},"author":1,"featured_media":31,"parent":0,"menu_order":0,"comment_status":"closed","ping_status":"closed","template":"","meta":{"footnotes":""},"_links":{"self":[{"href":"https:\/\/ers-pol.pl\/cz\/wp-json\/wp\/v2\/pages\/16"}],"collection":[{"href":"https:\/\/ers-pol.pl\/cz\/wp-json\/wp\/v2\/pages"}],"about":[{"href":"https:\/\/ers-pol.pl\/cz\/wp-json\/wp\/v2\/types\/page"}],"author":[{"embeddable":true,"href":"https:\/\/ers-pol.pl\/cz\/wp-json\/wp\/v2\/users\/1"}],"replies":[{"embeddable":true,"href":"https:\/\/ers-pol.pl\/cz\/wp-json\/wp\/v2\/comments?post=16"}],"version-history":[{"count":2,"href":"https:\/\/ers-pol.pl\/cz\/wp-json\/wp\/v2\/pages\/16\/revisions"}],"predecessor-version":[{"id":42,"href":"https:\/\/ers-pol.pl\/cz\/wp-json\/wp\/v2\/pages\/16\/revisions\/42"}],"wp:featuredmedia":[{"embeddable":true,"href":"https:\/\/ers-pol.pl\/cz\/wp-json\/wp\/v2\/media\/31"}],"wp:attachment":[{"href":"https:\/\/ers-pol.pl\/cz\/wp-json\/wp\/v2\/media?parent=16"}],"curies":[{"name":"wp","href":"https:\/\/api.w.org\/{rel}","templated":true}]}}